{"id":1939,"date":"2022-05-29T06:28:51","date_gmt":"2022-05-29T04:28:51","guid":{"rendered":"https:\/\/www.fb-transmission.com\/mentions-legales\/"},"modified":"2024-12-02T11:44:47","modified_gmt":"2024-12-02T10:44:47","slug":"juridische-kennisgeving","status":"publish","type":"page","link":"https:\/\/www.fb-transmission.com\/nl\/juridische-kennisgeving\/","title":{"rendered":"Juridische kennisgeving"},"content":{"rendered":"<p><strong>Eigendom van internet op de site\u00a0<\/strong><\/p>\n<p>Family Business Advisory Services (FBAS) SRL<br \/>\nAdres : 75 rue Beyaert, 7500 Tournai (Belgique)<br \/>\nBCE : 1009.711.996<br \/>\nSite internet :www.fb-transmission.com<\/p>\n<p><strong>Gastheer <\/strong><\/p>\n<p>OVH<br \/>\nSoci\u00e9t\u00e9 immatricul\u00e9e au RCS de Lille sous le numero 537 407 926 sise 2,<br \/>\nRue Kellermann, 59100 Roubaix<br \/>\n<a href=\"https:\/\/www.ovhcloud.com\/fr\/\">www.ovh.com<\/a><\/p>\n","protected":false},"excerpt":{"rendered":"<p>Eigendom van internet op de site\u00a0 Family Business Advisory Services (FBAS) SRL Adres : 75 rue Beyaert, 7500 Tournai (Belgique) BCE : 1009.711.996 Site internet :www.fb-transmission.com Gastheer OVH Soci\u00e9t\u00e9 immatricul\u00e9e<\/p>\n","protected":false},"author":7,"featured_media":0,"parent":0,"menu_order":0,"comment_status":"closed","ping_status":"closed","template":"pages\/charte.php","meta":{"footnotes":""},"class_list":["post-1939","page","type-page","status-publish","hentry"],"_links":{"self":[{"href":"https:\/\/www.fb-transmission.com\/nl\/wp-json\/wp\/v2\/pages\/1939","targetHints":{"allow":["GET"]}}],"collection":[{"href":"https:\/\/www.fb-transmission.com\/nl\/wp-json\/wp\/v2\/pages"}],"about":[{"href":"https:\/\/www.fb-transmission.com\/nl\/wp-json\/wp\/v2\/types\/page"}],"author":[{"embeddable":true,"href":"https:\/\/www.fb-transmission.com\/nl\/wp-json\/wp\/v2\/users\/7"}],"replies":[{"embeddable":true,"href":"https:\/\/www.fb-transmission.com\/nl\/wp-json\/wp\/v2\/comments?post=1939"}],"version-history":[{"count":1,"href":"https:\/\/www.fb-transmission.com\/nl\/wp-json\/wp\/v2\/pages\/1939\/revisions"}],"predecessor-version":[{"id":5301,"href":"https:\/\/www.fb-transmission.com\/nl\/wp-json\/wp\/v2\/pages\/1939\/revisions\/5301"}],"wp:attachment":[{"href":"https:\/\/www.fb-transmission.com\/nl\/wp-json\/wp\/v2\/media?parent=1939"}],"curies":[{"name":"wp","href":"https:\/\/api.w.org\/{rel}","templated":true}]}}